{"id":11817,"date":"2023-11-27T00:00:51","date_gmt":"2023-11-26T22:00:51","guid":{"rendered":"https:\/\/bi-info.ee\/andmekaitse\/"},"modified":"2024-01-29T04:00:23","modified_gmt":"2024-01-29T02:00:23","slug":"andmekaitse","status":"publish","type":"page","link":"https:\/\/bi-info.ee\/?page_id=11817","title":{"rendered":"ISIKUANDMETE KAITSE"},"content":{"rendered":"\t\t<div data-elementor-type=\"wp-page\" data-elementor-id=\"11817\" class=\"elementor elementor-11817 elementor-200\" data-elementor-post-type=\"page\">\n\t\t\t\t<div class=\"elementor-element elementor-element-c4459c3 e-flex e-con-boxed e-con e-parent\" data-id=\"c4459c3\" data-element_type=\"container\" data-settings=\"{&quot;container_type&quot;:&quot;flex&quot;,&quot;content_width&quot;:&quot;boxed&quot;}\" data-core-v316-plus=\"true\">\n\t\t\t\t\t<div class=\"e-con-inner\">\n\t\t\t\t<div class=\"elementor-element elementor-element-a1de2f9 premium-header-inline elementor-widget elementor-widget-premium-addon-dual-header\" data-id=\"a1de2f9\" data-element_type=\"widget\" data-widget_type=\"premium-addon-dual-header.default\">\n\t\t\t\t<div class=\"elementor-widget-container\">\n\t\t\t\r\n\t\t\t\t\t<h2 class=\"premium-dual-header-first-header \"><span class=\"premium-dual-header-first-span\">Konfidentsiaalsete andmete <\/span><span class=\"premium-dual-header-second-header \">s\u00e4ilitamise kord<\/span><\/h2> \t\t\r\n\t\t\t\t<\/div>\n\t\t\t\t<\/div>\n\t\t\t\t\t<\/div>\n\t\t\t\t<\/div>\n\t\t<div class=\"elementor-element elementor-element-2f974899 e-flex e-con-boxed e-con e-parent\" data-id=\"2f974899\" data-element_type=\"container\" data-settings=\"{&quot;container_type&quot;:&quot;flex&quot;,&quot;content_width&quot;:&quot;boxed&quot;}\" data-core-v316-plus=\"true\">\n\t\t\t\t\t<div class=\"e-con-inner\">\n\t\t\t\t<div class=\"elementor-element elementor-element-526a508a elementor-widget elementor-widget-text-editor\" data-id=\"526a508a\" data-element_type=\"widget\" data-widget_type=\"text-editor.default\">\n\t\t\t\t<div class=\"elementor-widget-container\">\n\t\t\t<style>\/*! elementor - v3.19.0 - 28-02-2024 *\/\n.elementor-widget-text-editor.elementor-drop-cap-view-stacked .elementor-drop-cap{background-color:#69727d;color:#fff}.elementor-widget-text-editor.elementor-drop-cap-view-framed .elementor-drop-cap{color:#69727d;border:3px solid;background-color:transparent}.elementor-widget-text-editor:not(.elementor-drop-cap-view-default) .elementor-drop-cap{margin-top:8px}.elementor-widget-text-editor:not(.elementor-drop-cap-view-default) .elementor-drop-cap-letter{width:1em;height:1em}.elementor-widget-text-editor .elementor-drop-cap{float:left;text-align:center;line-height:1;font-size:50px}.elementor-widget-text-editor .elementor-drop-cap-letter{display:inline-block}<\/style>\t\t\t\t<p><b>Kes me oleme<\/b><b><br \/><\/b>Bi-Info Koolitus MT\u00dc Koolituskeskus, reg. nr. 80370202, t\u00e4iskasvanute koolituse korraldamine ja selle kohta teabe edastamine veebilehel veebidomeenil bi-info.ee. Meie veebikeskkond tagab teie isikuandmete privaatsuse internetis. Meile usaldatud andmete privaatsus on meie jaoks esmat\u00e4htis. Meie andmekaitsep\u00f5him\u00f5tted vastavad ELi \u00fcldisele andmekaitse m\u00e4\u00e4rusele GDPR.<\/p>\n<p><b>Milliseid isikuandmeid me kogume<\/b><b><br \/>\n  <br \/>\n<\/b>Veebileht v\u00f5ib koguda k\u00fclastajate isikuandmeid j\u00e4rgmistel eesm\u00e4rkidel:<\/p>\n<ul>\n<li aria-level=\"1\">Interaktsioon ressursi kasutajaga.<\/li>\n<li aria-level=\"1\">K\u00fclastaja poolt n\u00f5utud teabe esitamine.<\/li>\n<li aria-level=\"1\">ressursi ulatusega seotud teenuste osutamine (koolitusele registreerimine, koolituse l\u00e4biviimine, taotluste esitamine rahastamis- ja\/v\u00f5i sertifitseerimisasutustele jne).<\/li>\n<li aria-level=\"1\">Meie veebisaidi funktsionaalsuse parandamine.<\/li>\n<li aria-level=\"1\">osutatavate teenuste kvaliteedi parandamine.<\/li>\n<li aria-level=\"1\">T\u00e4iendavad toimingud on kirjeldatud allpool.<\/li>\n<\/ul>\n<p><strong><br \/>Kogutavad andmed v\u00f5ivad sisaldada j\u00e4rgmist teavet:<\/strong><\/p>\n<ul>\n<li aria-level=\"1\">Eesnimi, perekonnanimi, isikukood, aadress, e-posti aadress ja muud andmed, mille k\u00fclastaja on vabatahtlikult esitanud veebisaidil olevate registreerimisvormide kaudu.<\/li>\n<li aria-level=\"1\">Isikliku konto andmed juhul, kui k\u00fclastaja on veebisaidil registreerunud.<\/li>\n<li aria-level=\"1\">Tehniliste protsesside, n\u00e4iteks kontaktvormide, kommentaaride, k\u00fcpsiste, anal\u00fc\u00fcsiandmete jne abil saadud operatiivandmed.<\/li>\n<\/ul>\n<p>Isikuandmeid t\u00f6\u00f6deldakse ainult p\u00e4rast teie selges\u00f5nalise loa saamist. Andmete t\u00f6\u00f6tlemine toimub ELi ja Eesti \u00f5iguse raames.<\/p>\n<p><b>Andmete edastamine kolmandatele organisatsioonidele<\/b><b><br \/><\/b>Teie andmeid v\u00f5ib edastada kolmandatele isikutele ainult teie n\u00f5usolekul. Me ei kontrolli andmete muutmist ega garanteeri, et nende poolt ei toimu kuritarvitusi v\u00e4ljaspool meie vastutusala.<\/p>\n<p><b>Tehnilised andmed veebisaidi kasutamisel<\/b><b><br \/><\/b>Bi-info.ee veebilehe kasutamisel salvestatakse tehnilised andmed, nagu IP, k\u00fclastuse aeg, brauseri seaded ja operatsioonis\u00fcsteem. See teave on anon\u00fc\u00fcmne ja ei v\u00f5imalda teid tuvastada.<\/p>\n<p>K\u00fcpsiseid kasutatakse veebilehe mugavuse ja korrektse kuvamise tagamiseks. Saate oma brauseris nende seadeid muuta. K\u00fcpsistest keeldumine v\u00f5ib m\u00f5jutada veebisaidi funktsionaalsust.<\/p>\n<p>Kui taotlete salas\u00f5na l\u00e4htestamist, on teie IP aadress m\u00e4rgitud l\u00e4htestamise e-kirjas.<\/p>\n<p><b>Kolmanda osapoole teenuste poolt kasutatavad andmed<\/b><b><br \/><\/b>Sait sisaldab teenuseid, nagu Google Analytics, mis koguvad teavet iseseisvalt. Neid andmeid saab kasutada reklaami kohandamiseks. Teavet andmete kogumisest loobumise kohta leiate nende teenuste veebisaitidelt.<\/p>\n<p><b>V\u00e4lislingid<\/b><b><br \/><\/b>Meie veebisait v\u00f5ib sisaldada linke kolmandate osapoolte ressurssidele, mille eest me ei vastuta. Soovitame lugeda nende privaatsuspoliitikat.<\/p>\n<p><b>Kommentaarid<\/b><b><br \/><\/b>Kui k\u00fclastaja j\u00e4tab veebilehel kommentaari\/tagasiside v\u00f5i t\u00e4idab k\u00fcsimustiku\/k\u00fcsitluse, kogume me kommentaarivormis m\u00e4rgitud andmeid, samuti k\u00fclastaja IP-aadressi ja brauseri kasutajaagentide andmeid r\u00e4mpsposti tuvastamise eesm\u00e4rgil. Kui j\u00e4tate kommentaari, tagasiside v\u00f5i t\u00e4idate k\u00fcsimustiku\/k\u00fcsitluse, salvestatakse need andmed ja metaandmed m\u00e4\u00e4ramata ajaks.<\/p>\n<p><b>Meediafailid<\/b><b><br \/><\/b>Kui olete registreeritud kasutaja ja laadite veebilehele fotosid \u00fcles, v\u00f5ite v\u00e4ltida EXIF-metaandmetega piltide \u00fcleslaadimist, kuna need v\u00f5ivad sisaldada teie GPS-positsiooni. K\u00fclastajad saavad selle teabe k\u00e4tte, laadides veebilehelt pilte alla.<\/p>\n<p><b>K\u00fcpsis<\/b><b><br \/><\/b>Kui j\u00e4tate meie veebisaidil kommentaari, v\u00f5ite lubada oma nime, e-posti aadressi ja veebisaidi salvestamist k\u00fcpsisesse. See on teie mugavuse huvides, et te ei peaks kommenteerides uuesti andmeid t\u00e4itma. Neid k\u00fcpsiseid s\u00e4ilitatakse \u00fcks aasta.<\/p>\n<p>Kui teil on veebisaidil konto ja te logite sisse, seame ajutised k\u00fcpsised, et teha kindlaks, kas teie brauser toetab k\u00fcpsiseid, mis ei sisalda isikuandmeid ja mis kustutatakse, kui te sulgete oma brauseri.<\/p>\n<p>Kontole sisselogimisel seame ka m\u00f5ned k\u00fcpsised, mis sisaldavad sisselogimise andmeid ja ekraani seadeid. Sisselogimisk\u00fcpsiseid s\u00e4ilitatakse kaks p\u00e4eva, ekraani seadete k\u00fcpsiseid aasta. Kui valite suvandi &#8220;Pea mind meeles&#8221;, salvestatakse teie sisselogimise andmed kaks n\u00e4dalat. Kui logite oma kontost v\u00e4lja, kustutatakse teie sisselogimisk\u00fcpsised.<\/p>\n<p><b>Sisseehitatud sisu teistelt veebisaitidelt<\/b><b><br \/>\n  <br \/>\n<\/b>Selle veebisaidi artiklid v\u00f5ivad sisaldada varjatud sisu (nt videod, pildid, artiklid jne), selline sisu k\u00e4itub samamoodi, kui k\u00fclastaja k\u00fclastaks teist veebisaiti.<\/p>\n<p>Need saidid v\u00f5ivad koguda teie kohta andmeid, kasutada k\u00fcpsiseid, rakendada t\u00e4iendavat kolmandate osapoolte j\u00e4lgimist ja j\u00e4lgida teie suhtlemist sisseehitatud sisuga, sealhulgas j\u00e4lgida suhtlemist, kui teil on konto ja olete sellele saidile sisse loginud.<\/p>\n<p><b>Millised \u00f5igused teil on oma andmete suhtes<\/b><b><br \/>\n  <br \/>\n<\/b>Te v\u00f5ite taotleda ka oma salvestatud andmete kustutamist; see ei h\u00f5lma andmeid, mida me peame s\u00e4ilitama haldus-, \u00f5igus- v\u00f5i turvaeesm\u00e4rkidel.<\/p>\n<p><b>Alaealiste andmed<\/b><b><br \/><\/b>Koolituskeskus pakub koolitust ainult t\u00e4iskasvanutele, seega ei ole alaealiste andmete sihip\u00e4rane kogumine ja s\u00e4ilitamine ette n\u00e4htud. Kui alaealised on kogemata v\u00f5i tahtlikult andnud Bi-Info Koolius MT\u00dc-le andmeid ilma vanemate v\u00f5i eestkostja n\u00f5usolekuta, v\u00f5tke palun viivitamatult \u00fchendust: bigkoolitus@gmail.com.<\/p>\n<p><b>Kontakti v\u00f5tmine administratsiooniga<\/b><b><br \/>\n  <br \/>\n<\/b>K\u00f5igi andmekaitsega seotud k\u00fcsimuste puhul v\u00f5tke palun \u00fchendust:<\/p>\n<blockquote class=\"citate\">\n<p><b>E-posti teel:<\/b> <a href=\"_wp_link_placeholder\" data-wplink-edit=\"true\">bigkoolitus@gmail.com<\/a><br \/>Telefoni <b>teel:<\/b> +372 507 36 42<br \/><b>Aadress:<\/b> Vilmsi 47, Tallinn, Eesti, 10115<\/p>\n<\/blockquote>\n<p>Kui te ei n\u00f5ustu meie p\u00f5him\u00f5tetega, \u00e4rge kasutage meie veebilehte.<\/p>\n\t\t\t\t\t\t<\/div>\n\t\t\t\t<\/div>\n\t\t\t\t\t<\/div>\n\t\t\t\t<\/div>\n\t\t\t\t<\/div>\n\t\t","protected":false},"excerpt":{"rendered":"<p>Konfidentsiaalsete andmete s\u00e4ilitamise kord Kes me olemeBi-Info Koolitus MT\u00dc Koolituskeskus, reg. nr. 80370202, t\u00e4iskasvanute koolituse korraldamine ja selle kohta teabe edastamine veebilehel veebidomeenil bi-info.ee. Meie veebikeskkond tagab teie isikuandmete privaatsuse [&hellip;]<\/p>\n","protected":false},"author":1,"featured_media":0,"parent":0,"menu_order":62,"comment_status":"closed","ping_status":"closed","template":"","meta":{"_acf_changed":false,"footnotes":""},"acf":[],"_links":{"self":[{"href":"https:\/\/bi-info.ee\/index.php?rest_route=\/wp\/v2\/pages\/11817"}],"collection":[{"href":"https:\/\/bi-info.ee\/index.php?rest_route=\/wp\/v2\/pages"}],"about":[{"href":"https:\/\/bi-info.ee\/index.php?rest_route=\/wp\/v2\/types\/page"}],"author":[{"embeddable":true,"href":"https:\/\/bi-info.ee\/index.php?rest_route=\/wp\/v2\/users\/1"}],"replies":[{"embeddable":true,"href":"https:\/\/bi-info.ee\/index.php?rest_route=%2Fwp%2Fv2%2Fcomments&post=11817"}],"version-history":[{"count":6,"href":"https:\/\/bi-info.ee\/index.php?rest_route=\/wp\/v2\/pages\/11817\/revisions"}],"predecessor-version":[{"id":12290,"href":"https:\/\/bi-info.ee\/index.php?rest_route=\/wp\/v2\/pages\/11817\/revisions\/12290"}],"wp:attachment":[{"href":"https:\/\/bi-info.ee\/index.php?rest_route=%2Fwp%2Fv2%2Fmedia&parent=11817"}],"curies":[{"name":"wp","href":"https:\/\/api.w.org\/{rel}","templated":true}]}}