{"id":11814,"date":"2023-11-27T00:29:12","date_gmt":"2023-11-26T22:29:12","guid":{"rendered":"https:\/\/bi-info.ee\/ettev-tte-koolitus\/"},"modified":"2024-01-31T23:46:28","modified_gmt":"2024-01-31T21:46:28","slug":"ettev-tte-koolitus","status":"publish","type":"page","link":"https:\/\/bi-info.ee\/?page_id=11814","title":{"rendered":"Ettev\u00f5tte koolitus"},"content":{"rendered":"\t\t<div data-elementor-type=\"wp-page\" data-elementor-id=\"11814\" class=\"elementor elementor-11814 elementor-217\" data-elementor-post-type=\"page\">\n\t\t\t\t<div class=\"elementor-element elementor-element-173de3f zag e-flex e-con-boxed e-con e-parent\" data-id=\"173de3f\" data-element_type=\"container\" id=\"zag\" data-settings=\"{&quot;container_type&quot;:&quot;flex&quot;,&quot;content_width&quot;:&quot;boxed&quot;}\" data-core-v316-plus=\"true\">\n\t\t\t\t\t<div class=\"e-con-inner\">\n\t\t<div class=\"elementor-element elementor-element-b925306 e-con-full e-flex e-con e-child\" data-id=\"b925306\" data-element_type=\"container\" data-settings=\"{&quot;content_width&quot;:&quot;full&quot;,&quot;container_type&quot;:&quot;flex&quot;}\">\n\t\t\t\t<div class=\"elementor-element elementor-element-10c62764 elementor-widget elementor-widget-ha-lordicon happy-addon ha-lordicon\" data-id=\"10c62764\" data-element_type=\"widget\" data-widget_type=\"ha-lordicon.default\">\n\t\t\t\t<div class=\"elementor-widget-container\">\n\t\t\t\t\t\t<div class=\"ha-lordicon-wrapper\">\n\t\t\t<lord-icon\n\t\t\t\tsrc=\"https:\/\/bi-info.ee\/wp-content\/uploads\/2023\/12\/wired-outline-1004-management-team.json\"\n\t\t\t\ttrigger=\"loop-on-hover\"\n\t\t\t\tstroke=\"20\"\n\t\t\t\ttarget=\".container .zag \"\n\t\t\t\tcolors=\"primary:#EA511E,secondary:#1F3F51,tertiary:,quaternary:\"\n\t\t\t\tstyle=\"width:90px;height:90px\">\n\t\t\t<\/lord-icon>\n\t\t\t<\/div>\n\t\t\t\t<\/div>\n\t\t\t\t<\/div>\n\t\t\t\t<\/div>\n\t\t<div class=\"elementor-element elementor-element-847d1e8 e-con-full e-flex e-con e-child\" data-id=\"847d1e8\" data-element_type=\"container\" data-settings=\"{&quot;content_width&quot;:&quot;full&quot;,&quot;container_type&quot;:&quot;flex&quot;}\">\n\t\t\t\t<div class=\"elementor-element elementor-element-1217be26 premium-header-inline elementor-widget elementor-widget-premium-addon-dual-header\" data-id=\"1217be26\" data-element_type=\"widget\" data-widget_type=\"premium-addon-dual-header.default\">\n\t\t\t\t<div class=\"elementor-widget-container\">\n\t\t\t\r\n\t\t\t\t\t<h2 class=\"premium-dual-header-first-header \"><span class=\"premium-dual-header-first-span\"> Korporatiivne \u00f5ppet\u00f6\u00f6 <\/span><span class=\"premium-dual-header-second-header \">teie ettev\u00f5ttes<\/span><\/h2> \t\t\r\n\t\t\t\t<\/div>\n\t\t\t\t<\/div>\n\t\t\t\t<\/div>\n\t\t\t\t\t<\/div>\n\t\t\t\t<\/div>\n\t\t<div class=\"elementor-element elementor-element-a4c05ab e-flex e-con-boxed e-con e-parent\" data-id=\"a4c05ab\" data-element_type=\"container\" data-settings=\"{&quot;container_type&quot;:&quot;flex&quot;,&quot;content_width&quot;:&quot;boxed&quot;}\" data-core-v316-plus=\"true\">\n\t\t\t\t\t<div class=\"e-con-inner\">\n\t\t\t\t<div class=\"elementor-element elementor-element-2d36cbe elementor-widget elementor-widget-image\" data-id=\"2d36cbe\" data-element_type=\"widget\" data-widget_type=\"image.default\">\n\t\t\t\t<div class=\"elementor-widget-container\">\n\t\t\t<style>\/*! elementor - v3.19.0 - 28-02-2024 *\/\n.elementor-widget-image{text-align:center}.elementor-widget-image a{display:inline-block}.elementor-widget-image a img[src$=\".svg\"]{width:48px}.elementor-widget-image img{vertical-align:middle;display:inline-block}<\/style>\t\t\t\t\t\t\t\t\t\t<img fetchpriority=\"high\" decoding=\"async\" width=\"1343\" height=\"767\" src=\"https:\/\/bi-info.ee\/wp-content\/uploads\/2023\/11\/a83f03be20bf4afab9bbc8c37bce9f3a-1343x767.jpg\" class=\"attachment-full size-full wp-image-11059\" alt=\"Ettev\u00f5tte koolitus\" srcset=\"https:\/\/bi-info.ee\/wp-content\/uploads\/2023\/11\/a83f03be20bf4afab9bbc8c37bce9f3a-1343x767.jpg 1343w, https:\/\/bi-info.ee\/wp-content\/uploads\/2023\/11\/a83f03be20bf4afab9bbc8c37bce9f3a-300x171.jpg 300w, https:\/\/bi-info.ee\/wp-content\/uploads\/2023\/11\/a83f03be20bf4afab9bbc8c37bce9f3a-1024x585.jpg 1024w, https:\/\/bi-info.ee\/wp-content\/uploads\/2023\/11\/a83f03be20bf4afab9bbc8c37bce9f3a-768x439.jpg 768w, https:\/\/bi-info.ee\/wp-content\/uploads\/2023\/11\/a83f03be20bf4afab9bbc8c37bce9f3a-270x153.jpg 270w, https:\/\/bi-info.ee\/wp-content\/uploads\/2023\/11\/a83f03be20bf4afab9bbc8c37bce9f3a.jpg 1344w\" sizes=\"(max-width: 1343px) 100vw, 1343px\" title=\"Ettev\u00f5tte koolitus\" \/>\t\t\t\t\t\t\t\t\t\t\t\t\t<\/div>\n\t\t\t\t<\/div>\n\t\t\t\t\t<\/div>\n\t\t\t\t<\/div>\n\t\t<div class=\"elementor-element elementor-element-d1c0afd e-flex e-con-boxed e-con e-parent\" data-id=\"d1c0afd\" data-element_type=\"container\" data-settings=\"{&quot;container_type&quot;:&quot;flex&quot;,&quot;content_width&quot;:&quot;boxed&quot;}\" data-core-v316-plus=\"true\">\n\t\t\t\t\t<div class=\"e-con-inner\">\n\t\t\t\t<div class=\"elementor-element elementor-element-79e3d61 elementor-widget elementor-widget-text-editor\" data-id=\"79e3d61\" data-element_type=\"widget\" data-widget_type=\"text-editor.default\">\n\t\t\t\t<div class=\"elementor-widget-container\">\n\t\t\t<style>\/*! elementor - v3.19.0 - 28-02-2024 *\/\n.elementor-widget-text-editor.elementor-drop-cap-view-stacked .elementor-drop-cap{background-color:#69727d;color:#fff}.elementor-widget-text-editor.elementor-drop-cap-view-framed .elementor-drop-cap{color:#69727d;border:3px solid;background-color:transparent}.elementor-widget-text-editor:not(.elementor-drop-cap-view-default) .elementor-drop-cap{margin-top:8px}.elementor-widget-text-editor:not(.elementor-drop-cap-view-default) .elementor-drop-cap-letter{width:1em;height:1em}.elementor-widget-text-editor .elementor-drop-cap{float:left;text-align:center;line-height:1;font-size:50px}.elementor-widget-text-editor .elementor-drop-cap-letter{display:inline-block}<\/style>\t\t\t\t<p>Kaasaegses maailmas, kus seaduse n\u00f5udeid pidevalt uuendatakse, on iga ettev\u00f5tte eduka t\u00f6\u00f6 p\u00f5hiaspektiks koolitus ja t\u00f6\u00f6tajate sertifitseerimine vastavalt seadusandlikele aktidele (compliance). Meie \u00d5ppekeskus pakub v\u00f5imalust korporatiivsete seminaride korraldamiseks, mis on suunatud teie t\u00f6\u00f6tajate kvaliteedi t\u00f5stmiseks otse ettev\u00f5tte territooriumil<\/p><p>Pakume kursuste laia spektrit, kaasa arvatud j\u00e4rgmised teemad:<\/p><ul><li><strong>Esmaabi ettev\u00f5ttes:<\/strong> esmaabi osutamise alused, et t\u00f6\u00f6tajad oskaksid ekstreemsetes oludes tegutseda.<\/li><li><strong>T\u00f6\u00f6ohutuse ja t\u00f6\u00f6tervishoiu volinikud:<\/strong> kursused vastutavatele isikutele, kes kontrollivad t\u00f6\u00f6ohutuse normide j\u00e4rgimist ettev\u00f5ttes.<\/li><li><strong>Kiirgusohutus:<\/strong> spetsiaalsed treeningud t\u00f6\u00f6ks tingimustes, kus esineb kiirguse m\u00f5ju risk.<\/li><li><strong>Tuleohutus:<\/strong> koolitus tulekahjude v\u00e4ltimise abin\u00f5udest ja tegutsemisest tulekahju tekkimisel.<\/li><li><strong>ja muud.<\/strong><\/li><\/ul><p><br \/>Iga kursus on kohandatud Eesti seadusandlikele standarditele ja seda v\u00f5ib modifitseerida teie ettev\u00f5tte spetsiifikat arvestades. Teie t\u00f6\u00f6tajate koolitamine t\u00f5stab nende kutsealast kompetentsi ja tagab ettev\u00f5tte tegevuse vastavuse seadusandluse n\u00f5uetele, minimeerides riske ja suurendades \u00fcldist ohutust.<\/p><p><strong>Koolituse korraldamiseks oma territooriumil v\u00f5tke meiega \u00fchendust:<\/strong><\/p><blockquote class=\"citate\"><p><strong>E-posti aadressil:<\/strong> <a href=\"_wp_link_placeholder\" data-wplink-edit=\"true\">bigkoolitus@gmail.com<\/a><br \/><b><strong>Telefonil<\/strong>:<\/b> +372 507 36 42<br \/><b><strong>Aadressil<\/strong>:<\/b> Vilmsi 47, Tallinn, Eesti, 10115<\/p><\/blockquote>\t\t\t\t\t\t<\/div>\n\t\t\t\t<\/div>\n\t\t\t\t\t<\/div>\n\t\t\t\t<\/div>\n\t\t\t\t<\/div>\n\t\t","protected":false},"excerpt":{"rendered":"<p>Korporatiivne \u00f5ppet\u00f6\u00f6 teie ettev\u00f5ttes Kaasaegses maailmas, kus seaduse n\u00f5udeid pidevalt uuendatakse, on iga ettev\u00f5tte eduka t\u00f6\u00f6 p\u00f5hiaspektiks koolitus ja t\u00f6\u00f6tajate sertifitseerimine vastavalt seadusandlikele aktidele (compliance). Meie \u00d5ppekeskus pakub v\u00f5imalust korporatiivsete [&hellip;]<\/p>\n","protected":false},"author":1,"featured_media":0,"parent":0,"menu_order":70,"comment_status":"closed","ping_status":"closed","template":"","meta":{"_acf_changed":false,"footnotes":""},"acf":[],"_links":{"self":[{"href":"https:\/\/bi-info.ee\/index.php?rest_route=\/wp\/v2\/pages\/11814"}],"collection":[{"href":"https:\/\/bi-info.ee\/index.php?rest_route=\/wp\/v2\/pages"}],"about":[{"href":"https:\/\/bi-info.ee\/index.php?rest_route=\/wp\/v2\/types\/page"}],"author":[{"embeddable":true,"href":"https:\/\/bi-info.ee\/index.php?rest_route=\/wp\/v2\/users\/1"}],"replies":[{"embeddable":true,"href":"https:\/\/bi-info.ee\/index.php?rest_route=%2Fwp%2Fv2%2Fcomments&post=11814"}],"version-history":[{"count":14,"href":"https:\/\/bi-info.ee\/index.php?rest_route=\/wp\/v2\/pages\/11814\/revisions"}],"predecessor-version":[{"id":13230,"href":"https:\/\/bi-info.ee\/index.php?rest_route=\/wp\/v2\/pages\/11814\/revisions\/13230"}],"wp:attachment":[{"href":"https:\/\/bi-info.ee\/index.php?rest_route=%2Fwp%2Fv2%2Fmedia&parent=11814"}],"curies":[{"name":"wp","href":"https:\/\/api.w.org\/{rel}","templated":true}]}}