{"id":11797,"date":"2023-11-27T13:26:38","date_gmt":"2023-11-27T11:26:38","guid":{"rendered":"https:\/\/bi-info.ee\/veebip-hise-ppimise-reeglid\/"},"modified":"2024-01-31T23:48:25","modified_gmt":"2024-01-31T21:48:25","slug":"veebip-hise-ppimise-reeglid","status":"publish","type":"page","link":"https:\/\/bi-info.ee\/?page_id=11797","title":{"rendered":"Veebip\u00f5hise \u00f5ppimise reeglid"},"content":{"rendered":"\t\t<div data-elementor-type=\"wp-page\" data-elementor-id=\"11797\" class=\"elementor elementor-11797 elementor-426\" data-elementor-post-type=\"page\">\n\t\t\t\t<div class=\"elementor-element elementor-element-663174e5 zag e-flex e-con-boxed e-con e-parent\" data-id=\"663174e5\" data-element_type=\"container\" id=\"zag\" data-settings=\"{&quot;container_type&quot;:&quot;flex&quot;,&quot;content_width&quot;:&quot;boxed&quot;}\" data-core-v316-plus=\"true\">\n\t\t\t\t\t<div class=\"e-con-inner\">\n\t\t<div class=\"elementor-element elementor-element-4c4e1def e-con-full e-flex e-con e-child\" data-id=\"4c4e1def\" data-element_type=\"container\" data-settings=\"{&quot;content_width&quot;:&quot;full&quot;,&quot;container_type&quot;:&quot;flex&quot;}\">\n\t\t\t\t<div class=\"elementor-element elementor-element-5da878eb elementor-widget elementor-widget-ha-lordicon happy-addon ha-lordicon\" data-id=\"5da878eb\" data-element_type=\"widget\" data-widget_type=\"ha-lordicon.default\">\n\t\t\t\t<div class=\"elementor-widget-container\">\n\t\t\t\t\t\t<div class=\"ha-lordicon-wrapper\">\n\t\t\t<lord-icon\n\t\t\t\tsrc=\"https:\/\/bi-info.ee\/wp-content\/uploads\/2023\/12\/wired-outline-970-video-conference.json\"\n\t\t\t\ttrigger=\"loop-on-hover\"\n\t\t\t\tstroke=\"20\"\n\t\t\t\ttarget=\".container .zag \"\n\t\t\t\tcolors=\"primary:#EA511E,secondary:#1F3F51,tertiary:,quaternary:\"\n\t\t\t\tstyle=\"width:90px;height:90px\">\n\t\t\t<\/lord-icon>\n\t\t\t<\/div>\n\t\t\t\t<\/div>\n\t\t\t\t<\/div>\n\t\t\t\t<\/div>\n\t\t<div class=\"elementor-element elementor-element-647008fc e-con-full e-flex e-con e-child\" data-id=\"647008fc\" data-element_type=\"container\" data-settings=\"{&quot;content_width&quot;:&quot;full&quot;,&quot;container_type&quot;:&quot;flex&quot;}\">\n\t\t\t\t<div class=\"elementor-element elementor-element-5a783d6b premium-header-inline elementor-widget elementor-widget-premium-addon-dual-header\" data-id=\"5a783d6b\" data-element_type=\"widget\" data-widget_type=\"premium-addon-dual-header.default\">\n\t\t\t\t<div class=\"elementor-widget-container\">\n\t\t\t\r\n\t\t\t\t\t<h2 class=\"premium-dual-header-first-header \"><span class=\"premium-dual-header-first-span\">Veebi\u00f5ppe <\/span><span class=\"premium-dual-header-second-header \">eeskirjad<\/span><\/h2> \t\t\r\n\t\t\t\t<\/div>\n\t\t\t\t<\/div>\n\t\t\t\t<\/div>\n\t\t\t\t\t<\/div>\n\t\t\t\t<\/div>\n\t\t<div class=\"elementor-element elementor-element-501c54a e-flex e-con-boxed e-con e-parent\" data-id=\"501c54a\" data-element_type=\"container\" data-settings=\"{&quot;container_type&quot;:&quot;flex&quot;,&quot;content_width&quot;:&quot;boxed&quot;}\" data-core-v316-plus=\"true\">\n\t\t\t\t\t<div class=\"e-con-inner\">\n\t\t\t\t<div class=\"elementor-element elementor-element-cfb544f elementor-widget__width-initial elementor-widget elementor-widget-image\" data-id=\"cfb544f\" data-element_type=\"widget\" data-widget_type=\"image.default\">\n\t\t\t\t<div class=\"elementor-widget-container\">\n\t\t\t<style>\/*! elementor - v3.19.0 - 28-02-2024 *\/\n.elementor-widget-image{text-align:center}.elementor-widget-image a{display:inline-block}.elementor-widget-image a img[src$=\".svg\"]{width:48px}.elementor-widget-image img{vertical-align:middle;display:inline-block}<\/style>\t\t\t\t\t\t\t\t\t\t<img decoding=\"async\" src=\"https:\/\/bi-info.ee\/wp-content\/uploads\/2023\/11\/online_meeting-540x576.png\" title=\"online_meeting\" alt=\"online_meeting\" loading=\"lazy\" \/>\t\t\t\t\t\t\t\t\t\t\t\t\t<\/div>\n\t\t\t\t<\/div>\n\t\t\t\t<div class=\"elementor-element elementor-element-6f7c3b9 elementor-blockquote--skin-boxed elementor-blockquote--button-color-official elementor-widget elementor-widget-blockquote\" data-id=\"6f7c3b9\" data-element_type=\"widget\" data-widget_type=\"blockquote.default\">\n\t\t\t\t<div class=\"elementor-widget-container\">\n\t\t\t<style>\/*! elementor-pro - v3.19.0 - 26-02-2024 *\/\n@charset \"UTF-8\";.entry-content blockquote.elementor-blockquote:not(.alignright):not(.alignleft),.entry-summary blockquote.elementor-blockquote{margin-right:0;margin-left:0}.elementor-widget-blockquote blockquote{margin:0;padding:0;outline:0;font-size:100%;vertical-align:baseline;background:transparent;quotes:none;border:0;font-style:normal;color:#3f444b}.elementor-widget-blockquote blockquote .e-q-footer:after,.elementor-widget-blockquote blockquote .e-q-footer:before,.elementor-widget-blockquote blockquote:after,.elementor-widget-blockquote blockquote:before,.elementor-widget-blockquote blockquote cite:after,.elementor-widget-blockquote blockquote cite:before{content:none}.elementor-blockquote{transition:.3s}.elementor-blockquote__author,.elementor-blockquote__content{margin-bottom:0;font-style:normal}.elementor-blockquote__author{font-weight:700}.elementor-blockquote .e-q-footer{margin-top:12px;display:flex;justify-content:space-between}.elementor-blockquote__tweet-button{display:flex;transition:.3s;color:#1da1f2;align-self:flex-end;line-height:1;position:relative;width:-moz-max-content;width:max-content}.elementor-blockquote__tweet-button:hover{color:#0967a0}.elementor-blockquote__tweet-button span{font-weight:600}.elementor-blockquote__tweet-button i,.elementor-blockquote__tweet-button span{vertical-align:middle}.elementor-blockquote__tweet-button i+span,.elementor-blockquote__tweet-button svg+span{margin-left:.5em}.elementor-blockquote__tweet-button svg{fill:#1da1f2;height:1em;width:1em}.elementor-blockquote__tweet-label{white-space:pre-wrap}.elementor-blockquote--button-skin-bubble .elementor-blockquote__tweet-button,.elementor-blockquote--button-skin-classic .elementor-blockquote__tweet-button{padding:.7em 1.2em;border-radius:100em;background-color:#1da1f2;color:#fff;font-size:15px}.elementor-blockquote--button-skin-bubble .elementor-blockquote__tweet-button:hover,.elementor-blockquote--button-skin-classic .elementor-blockquote__tweet-button:hover{background-color:#0967a0;color:#fff}.elementor-blockquote--button-skin-bubble .elementor-blockquote__tweet-button:hover:before,.elementor-blockquote--button-skin-classic .elementor-blockquote__tweet-button:hover:before{border-right-color:#0967a0}.elementor-blockquote--button-skin-bubble .elementor-blockquote__tweet-button svg,.elementor-blockquote--button-skin-classic .elementor-blockquote__tweet-button svg{fill:#fff;height:1em;width:1em}.elementor-blockquote--button-skin-bubble.elementor-blockquote--button-view-icon .elementor-blockquote__tweet-button,.elementor-blockquote--button-skin-classic.elementor-blockquote--button-view-icon .elementor-blockquote__tweet-button{padding:0;width:2em;height:2em}.elementor-blockquote--button-skin-bubble.elementor-blockquote--button-view-icon .elementor-blockquote__tweet-button i,.elementor-blockquote--button-skin-classic.elementor-blockquote--button-view-icon .elementor-blockquote__tweet-button i{position:absolute;left:50%;top:50%;transform:translate(-50%,-50%)}.elementor-blockquote--button-skin-bubble .elementor-blockquote__tweet-button:before{content:\"\";border:.5em solid transparent;border-right-color:#1da1f2;position:absolute;left:-.8em;top:50%;transform:translateY(-50%) scaleY(.65);transition:.3s}.elementor-blockquote--button-skin-bubble.elementor-blockquote--align-left .elementor-blockquote__tweet-button:before{right:auto;left:-.8em;border-right-color:#1da1f2;border-left-color:transparent}.elementor-blockquote--button-skin-bubble.elementor-blockquote--align-left .elementor-blockquote__tweet-button:hover:before{border-right-color:#0967a0}.elementor-blockquote--button-skin-bubble.elementor-blockquote--align-right .elementor-blockquote__tweet-button:before{left:auto;right:-.8em;border-right-color:transparent;border-left-color:#1da1f2}.elementor-blockquote--button-skin-bubble.elementor-blockquote--align-right .elementor-blockquote__tweet-button:hover:before{border-left-color:#0967a0}.elementor-blockquote--skin-boxed .elementor-blockquote{background-color:#f9fafa;padding:30px}.elementor-blockquote--skin-border .elementor-blockquote{border-color:#f9fafa;border-left:7px #f9fafa;border-style:solid;padding-left:20px}.elementor-blockquote--skin-quotation .elementor-blockquote:before{content:\"\u201c\";font-size:100px;color:#f9fafa;font-family:Times New Roman,Times,serif;font-weight:900;line-height:1;display:block;height:.6em}.elementor-blockquote--skin-quotation .elementor-blockquote__content{margin-top:15px}.elementor-blockquote--align-left .elementor-blockquote__content{text-align:left}.elementor-blockquote--align-left .elementor-blockquote .e-q-footer{flex-direction:row}.elementor-blockquote--align-right .elementor-blockquote__content{text-align:right}.elementor-blockquote--align-right .elementor-blockquote .e-q-footer{flex-direction:row-reverse}.elementor-blockquote--align-center .elementor-blockquote{text-align:center}.elementor-blockquote--align-center .elementor-blockquote .e-q-footer,.elementor-blockquote--align-center .elementor-blockquote__author{display:block}.elementor-blockquote--align-center .elementor-blockquote__tweet-button{margin-right:auto;margin-left:auto}<\/style>\t\t<blockquote class=\"elementor-blockquote\">\n\t\t\t<p class=\"elementor-blockquote__content\">\n\t\t\t\tM\u00f5ned \u00f5ppekavad v\u00f5imaldavad osaliselt v\u00f5i t\u00e4ielikult l\u00e4bi viia veebikoolitust. Veebi\u00f5pe on lubatud ka nendel juhtudel, kui \u00f5pilane v\u00f5i \u00f5ppej\u00f5ud ei saa isiklikult statsionaarsetel \u00fcritustel kohal olla tervisliku seisundi v\u00f5i muude asjaolude t\u00f5ttu, samuti lokaudi ja v\u00e4\u00e4ramatu j\u00f5u asjaolude korral.\n\nEnne veebi\u00f5ppe algust teeb \u00d5ppekeskuse spetsialist kindlaks, kas \u00f5pilane on kasutatava veebikeskkonnaga tuttav ning vajaduse korral juhendab teda.\t\t\t<\/p>\n\t\t\t\t\t<\/blockquote>\n\t\t\t\t<\/div>\n\t\t\t\t<\/div>\n\t\t\t\t\t<\/div>\n\t\t\t\t<\/div>\n\t\t<div class=\"elementor-element elementor-element-482b28ce e-flex e-con-boxed e-con e-parent\" data-id=\"482b28ce\" data-element_type=\"container\" data-settings=\"{&quot;container_type&quot;:&quot;flex&quot;,&quot;content_width&quot;:&quot;boxed&quot;}\" data-core-v316-plus=\"true\">\n\t\t\t\t\t<div class=\"e-con-inner\">\n\t\t\t\t<div class=\"elementor-element elementor-element-1fa27c3 elementor-widget elementor-widget-text-editor\" data-id=\"1fa27c3\" data-element_type=\"widget\" data-widget_type=\"text-editor.default\">\n\t\t\t\t<div class=\"elementor-widget-container\">\n\t\t\t<style>\/*! elementor - v3.19.0 - 28-02-2024 *\/\n.elementor-widget-text-editor.elementor-drop-cap-view-stacked .elementor-drop-cap{background-color:#69727d;color:#fff}.elementor-widget-text-editor.elementor-drop-cap-view-framed .elementor-drop-cap{color:#69727d;border:3px solid;background-color:transparent}.elementor-widget-text-editor:not(.elementor-drop-cap-view-default) .elementor-drop-cap{margin-top:8px}.elementor-widget-text-editor:not(.elementor-drop-cap-view-default) .elementor-drop-cap-letter{width:1em;height:1em}.elementor-widget-text-editor .elementor-drop-cap{float:left;text-align:center;line-height:1;font-size:50px}.elementor-widget-text-editor .elementor-drop-cap-letter{display:inline-block}<\/style>\t\t\t\t<ul><li>\u00d5pisf\u00e4\u00e4ri veebikeskkonda sisenemiseks v\u00f5ib \u00f5pilane kasutada tema k\u00e4sutuses olevat arvutit, telefoni v\u00f5i tahvelarvutit, millel on rakendused veebikonverentsiks (ZOOM, MST Teams) ja v\u00e4ljund Interneti, valjuh\u00e4\u00e4ldi, mikrofoni ja kaamera jaoks.<\/li><li>Kui \u00f5ppet\u00f6\u00f6 toimub veebikeskkonnas, aga \u00f5pilasel ei ole v\u00f5imalik kasutada oma seadmeid, siis v\u00f5ib ta tulla \u00d5ppekeskusse ja \u00fches vabas \u00f5ppeklassis kasutada vajalikke seadmeid.<\/li><li>Tunniplaanis etten\u00e4htud ajal sisestab \u00f5pilane ZOOMi rakendusse v\u00f5i brauseri aknasse (soovitame kasutada Mozilla Firefox\u2019i, Operat v\u00f5i Google Chrome\u2019i) oma viite ja parooli, mille on saatnud koolituse korraldaja. Seej\u00e4rel siseneb Internetiklassi oma nime all.<\/li><li>\u00d5ppet\u00f6\u00f6 ajal demonstreerib \u00f5ppej\u00f5ud vajalikke materjale ja v\u00f5ib vastata \u00f5pilaste k\u00fcsimustele, sealjuures j\u00e4tkub monitoril esituse \u00fclekanne v\u00f5i on n\u00e4ha \u00f5ppej\u00f5ud ja kuulda tema k\u00f5net veebire\u017eiimil.<\/li><li>Vaikimisi on kokku lepitud, et mikrofon peab \u00f5pilaste juures olema v\u00e4lja l\u00fclitatud. \u00d5pilased v\u00f5ivad mikrofoni esitada k\u00fcsimusi j\u00e4rjekorras, l\u00fclitades seda sisse ja v\u00e4lja. Samuti v\u00f5ib esitada k\u00fcsimusi kirjalikult, selleks tuleb nad tr\u00fckkida vestluse eraldi v\u00e4ljale.<\/li><li>Koosk\u00f5las \u00f5pilastega v\u00f5ib veebisessiooni ajal teha salvestusi. M\u00f5ned kursused eeldavad kohustuslikku osalist v\u00f5i t\u00e4ielikku salvestust (n\u00e4iteks \u00f5ppemeetodite anal\u00fc\u00fcsimiseks v\u00f5i atesteerimiseks). Sel juhul n\u00f5usolekut ei n\u00f5uta, kuid k\u00f5iki koolitusel osalejaid hoiatatakse salvestamisest enne veebisessiooni algust.<\/li><\/ul>\t\t\t\t\t\t<\/div>\n\t\t\t\t<\/div>\n\t\t<div class=\"elementor-element elementor-element-b18172d e-con-full e-flex e-con e-child\" data-id=\"b18172d\" data-element_type=\"container\" data-settings=\"{&quot;content_width&quot;:&quot;full&quot;,&quot;background_background&quot;:&quot;classic&quot;,&quot;container_type&quot;:&quot;flex&quot;}\">\n\t\t\t\t<div class=\"elementor-element elementor-element-d6acb78 elementor-widget elementor-widget-text-editor\" data-id=\"d6acb78\" data-element_type=\"widget\" data-widget_type=\"text-editor.default\">\n\t\t\t\t<div class=\"elementor-widget-container\">\n\t\t\t\t\t\t\t<p><b><img fetchpriority=\"high\" decoding=\"async\" class=\"wp-image-7612 size-medium alignleft\" src=\"https:\/\/bi-info.ee\/wp-content\/uploads\/2023\/12\/zoom-3-300x179.png\" alt=\"Veebip\u00f5hise \u00f5ppimise reeglid\" width=\"300\" height=\"179\" srcset=\"https:\/\/bi-info.ee\/wp-content\/uploads\/2023\/12\/zoom-3-300x179.png 300w, https:\/\/bi-info.ee\/wp-content\/uploads\/2023\/12\/zoom-3-1024x611.png 1024w, https:\/\/bi-info.ee\/wp-content\/uploads\/2023\/12\/zoom-3-768x458.png 768w, https:\/\/bi-info.ee\/wp-content\/uploads\/2023\/12\/zoom-3-1070x638.png 1070w, https:\/\/bi-info.ee\/wp-content\/uploads\/2023\/12\/zoom-3-600x358.png 600w, https:\/\/bi-info.ee\/wp-content\/uploads\/2023\/12\/zoom-3.png 1071w\" sizes=\"(max-width: 300px) 100vw, 300px\" \/><\/b><\/p><p><a href=\"https:\/\/bi-info.ee\/?p=11845\"><b>Juhised ZOOMi kasutamiseks &gt;&gt;<\/b><\/a><\/p><p><a href=\"https:\/\/zoom.us\/ee\/download\">Lae alla ZOOM rakendus erinevatele seadmetele<\/a><\/p><div class=\"notranslate\" style=\"all: initial;\">\u00a0<\/div>\t\t\t\t\t\t<\/div>\n\t\t\t\t<\/div>\n\t\t\t\t<\/div>\n\t\t\t\t\t<\/div>\n\t\t\t\t<\/div>\n\t\t\t\t<\/div>\n\t\t","protected":false},"excerpt":{"rendered":"<p>Veebi\u00f5ppe eeskirjad M\u00f5ned \u00f5ppekavad v\u00f5imaldavad osaliselt v\u00f5i t\u00e4ielikult l\u00e4bi viia veebikoolitust. Veebi\u00f5pe on lubatud ka nendel juhtudel, kui \u00f5pilane v\u00f5i \u00f5ppej\u00f5ud ei saa isiklikult statsionaarsetel \u00fcritustel kohal olla tervisliku seisundi [&hellip;]<\/p>\n","protected":false},"author":1,"featured_media":0,"parent":0,"menu_order":85,"comment_status":"closed","ping_status":"closed","template":"","meta":{"_acf_changed":false,"footnotes":""},"acf":[],"_links":{"self":[{"href":"https:\/\/bi-info.ee\/index.php?rest_route=\/wp\/v2\/pages\/11797"}],"collection":[{"href":"https:\/\/bi-info.ee\/index.php?rest_route=\/wp\/v2\/pages"}],"about":[{"href":"https:\/\/bi-info.ee\/index.php?rest_route=\/wp\/v2\/types\/page"}],"author":[{"embeddable":true,"href":"https:\/\/bi-info.ee\/index.php?rest_route=\/wp\/v2\/users\/1"}],"replies":[{"embeddable":true,"href":"https:\/\/bi-info.ee\/index.php?rest_route=%2Fwp%2Fv2%2Fcomments&post=11797"}],"version-history":[{"count":19,"href":"https:\/\/bi-info.ee\/index.php?rest_route=\/wp\/v2\/pages\/11797\/revisions"}],"predecessor-version":[{"id":13233,"href":"https:\/\/bi-info.ee\/index.php?rest_route=\/wp\/v2\/pages\/11797\/revisions\/13233"}],"wp:attachment":[{"href":"https:\/\/bi-info.ee\/index.php?rest_route=%2Fwp%2Fv2%2Fmedia&parent=11797"}],"curies":[{"name":"wp","href":"https:\/\/api.w.org\/{rel}","templated":true}]}}